{"id":5,"date":"2016-08-23T14:59:40","date_gmt":"2016-08-23T14:59:40","guid":{"rendered":"http:\/\/schuelerblog-oyten.de\/?page_id=5"},"modified":"2016-09-21T14:40:14","modified_gmt":"2016-09-21T14:40:14","slug":"impressum","status":"publish","type":"page","link":"http:\/\/schuelerblog-oyten.de\/?page_id=5","title":{"rendered":"Impressum"},"content":{"rendered":"<h3>Impressum<\/h3>\n<div id=\"nolis_content_site\">\n<div class=\"print_href print_abbr\">\n<div class=\"template1\">\n<div class=\"platz platz1\">\n<div class=\"rahmen\">\n<div class=\"innen\"><strong>Grundschule Oyten<\/strong><br \/>\nSchulstra\u00dfe 7<br \/>\n28876 Oyten<br \/>\nTelefon: +49 4207 2770<br \/>\nTelefax: +49 4207 3231<br \/>\nE-Mail: verwaltung@gs-oyten.de<br \/>\nInternet: www.gs-oyten.de<strong> Inhaltlich verantwortlich gem\u00e4\u00df \u00a7 55 Abs. 2 RStV:<\/strong><br \/>\nFrau Pawellek<\/p>\n<p><strong>Schultr\u00e4ger:<\/strong><br \/>\nGemeinde Oyten<br \/>\nHauptstra\u00dfe 55<br \/>\n28876 Oyten<br \/>\nTelefon: 04207\/9140-0<br \/>\nTelefax: 04207\/9140-36<\/p>\n<p><strong>Vertretungsberechtigte:<\/strong><br \/>\nB\u00fcrgermeister Manfred Cordes<\/p>\n<p><strong>\u00a0<\/strong><\/p>\n<p><strong>Haftungshinweis<\/strong><\/p>\n<p>Trotz sorgf\u00e4ltiger inhaltlicher Kontrolle \u00fcbernehmen wir keine Haftung f\u00fcr die Inhalte externer Links. F\u00fcr den Inhalt der verlinkten Seiten sind ausschlie\u00dflich deren Betreiber verantwortlich.<\/p>\n<p><strong>\u00a0<\/strong><\/p>\n<p><strong>Wichtiger Hinweis<\/strong><\/p>\n<p>Die Gemeinde Oyten er\u00f6ffnet den Zugang f\u00fcr eine elektronische Kommunikation mittels E-Mail oder durch Verwendung elektron. Formulare. Die auf diesen Internetseiten und auf dem Briefbogen der Gemeinde Oyten bekannt gemachten E-Mail-Adressen k\u00f6nnen gem\u00e4\u00df \u00a7 3a des Verwaltungsverfahrensgesetzes f\u00fcr die elektronische Kommunikation verwendet werden.<\/p>\n<p>Da z.Zt. keine Verschl\u00fcsselung angeboten wird, k\u00f6nnen alle E-Mails unter Umst\u00e4nden auch von Unbefugten gelesen werden. Daher sollten keine vertraulichen Mitteilungen auf diesem Wege \u00fcbermittelt werden.<\/p>\n<p>F\u00fcr die \u00dcbermittlung von E-Mails und die Verwendung elektron. Formulare sind folgende Anforderungen zu beachten:<\/p>\n<p>1. Die Gemeinde Oyten verwendet z.Zt. keine elektron. Verschl\u00fcsselung und keine elektron. Signaturen. Dokumente, die eine besondere Schriftform erfordern, sollen daher nicht per E-Mail \u00fcbermittelt werden.<\/p>\n<p>2. Aus Sicherheitsgr\u00fcnden sollten E-Mails nur im Text-Format versendet werden. Dokumente, die als Anlage mit einer E-Mail an die Gemeinde Oyten gesendet werden, sollten nur folgende Formate haben: doc, rtf., pdf., xls., jpg., gif., txt.<br \/>\n3. Elektronische Formulare auf den Internetseiten der Gemeinde k\u00f6nnen nur verwendet werden, wenn das Programm <a href=\"http:\/\/www.adobe.de\/products\/acrobat\/readstep2\/html\"><span style=\"color: #0066cc;\"> Acrobat Reader<\/span><\/a> auf dem PC installiert ist.<\/p>\n<p>Da es unter Umst\u00e4nden nicht m\u00f6glich ist, Ihre Anfrage per E-Mail zu beantworten, geben Sie bitte immer auch Ihre postalische Anschrift mit an.<\/p>\n<p><strong>\u00a0<\/strong><\/p>\n<p><strong>Rechtliche Hinweise<\/strong><\/p>\n<p><strong>Distanzierung \/ Hinweis zur Problematik von externen Links<\/strong><\/p>\n<p>Die Gemeinde Oyten ist f\u00fcr die &#8222;eigenen Inhalte&#8220;, die sie zur Nutzung bereith\u00e4lt, nach den allgemeinen Gesetzen verantwortlich. Von diesen eigenen Inhalten sind Querverweise (&#8222;Links&#8220;) auf die von anderen Anbietern bereitgehaltenen Inhalte zu unterscheiden. Durch den Querverweis bietet die Gemeinde Oyten insofern &#8222;fremde Inhalte&#8220; zur Nutzung an, die in dieser Weise gekennzeichnet sind:<\/p>\n<p>Bei &#8222;Links&#8220; handelt es sich stets um &#8222;lebende&#8220; (dynamische) Verweisungen. Die Gemeinde Oyten hat bei der erstmaligen Verkn\u00fcpfung zwar den fremden Inhalt daraufhin \u00fcberpr\u00fcft, ob durch ihn eine m\u00f6gliche zivilrechtliche oder strafrechtliche Verantwortlichkeit ausgel\u00f6st wird. Sie \u00fcberpr\u00fcft aber die Inhalte, auf die sie in ihrem Angebot verweist, nicht st\u00e4ndig auf Ver\u00e4nderungen, die eine Verantwortlichkeit neu begr\u00fcnden k\u00f6nnten. Wenn sie feststellt oder von anderen darauf hingewiesen wird, dass ein konkretes Angebot, zu dem sie einen Link bereitgestellt hat, eine zivil- oder strafrechtliche Verantwortlichkeit ausl\u00f6st, wird sie den Verweis auf dieses Angebot aufheben.<br \/>\nDie Gemeinde Oyten hat keinen Einfluss auf Inhalt und Gestaltung der verlinkten Seiten und \u00fcbernimmt keine Verantwortung f\u00fcr diese Seiten. Dies gilt ebenso f\u00fcr Links, die von Webseiten Dritter auf die Plattform von www.oyten.de f\u00fchren.<br \/>\nDie Internetredaktion der Gemeinde Oyten setzt externe (fremde) Links mit gr\u00f6\u00dftm\u00f6glicher Sorgfalt ein, um der Nutzerin bzw. dem Nutzer weitergehende Informationen und Services zur Verf\u00fcgung zu stellen.<\/p>\n<p>&nbsp;<\/p>\n<p><strong>Haftungsausschluss<\/strong><\/p>\n<p>Die in dieser Homepage gemachten Ausf\u00fchrungen dienen lediglich der allgemeinen Information. Die Gemeinde Oyten \u00fcbernimmt keine Haftung oder Garantie f\u00fcr die Aktualit\u00e4t, Richtigkeit oder Vollst\u00e4ndigkeit der auf dieser Homepage bereitgestellten Informationen. Die Inhalte dieser Homepage werden regelm\u00e4\u00dfig \u00fcberpr\u00fcft. Es kann nicht garantiert werden, dass z. B. nach einer gesetzlichen \u00c4nderung eine sofortige Anpassung der Homepage erfolgt.<\/p>\n<p>Haftungsanspr\u00fcche gegen die Gemeinde Oyten, welche sich auf Sch\u00e4den materieller oder ideeller Art beziehen, die durch die Nutzung der dargebotenen Informationen bzw. durch die Nutzung fehlerhafter und unvollst\u00e4ndiger Informationen verursacht wurden, sind ausgeschlossen, sofern seitens der Gemeinde Oyten kein nachweislich vors\u00e4tzliches oder grob fahrl\u00e4ssiges Verschulden vorliegt.<\/p>\n<p>Ein Rechtsanspruch auf eine bestimmte Leistung der Gemeinde Oyten kann nicht auf Informationen dieser Homepage begr\u00fcndet werden. In jeder konkreten Angelegenheit ist eine Einzelfallentscheidung nach dem vorgeschriebenen Verwaltungsverfahren erforderlich.<\/p>\n<p>Alle Angebote sind freibleibend und unverbindlich. Die Gemeinde Oyten beh\u00e4lt sich ausdr\u00fccklich vor, Teile der Seiten oder das gesamte Angebot ohne gesonderte Ank\u00fcndigung zu ver\u00e4ndern, zu erg\u00e4nzen, zu l\u00f6schen oder die Ver\u00f6ffentlichung zeitweise oder endg\u00fcltig einzustellen.<\/p>\n<p>&nbsp;<\/p>\n<p><strong>Urheberrecht<\/strong><\/p>\n<p>Alle Texte, Bilder, Grafiken und Tondokumente sind urheberrechtlich gesch\u00fctzt und d\u00fcrfen weder reproduziert, noch wiederverwendet oder f\u00fcr gewerbliche Zwecke genutzt werden. Die elektronische, drucktechnische oder anderweitige \u00dcbernahme und Reproduktion der vorgehaltenen Informationen, Texte, Bilder, graphischen Darstellungen etc. durch Dritte ist nur mit schriftlicher Genehmigung des B\u00fcrgermeisters gestattet. Das gilt auch f\u00fcr die Aufnahme in elektronischen Datenbanken und die Vervielf\u00e4ltigung auf CD-ROM, DVD etc.<\/p>\n<p><strong>\u00a0<\/strong><\/p>\n<p><strong>Datenschutz<\/strong><\/p>\n<p>Sofern innerhalb dieser Homepage die M\u00f6glichkeit zur Eingabe pers\u00f6nlicher oder gesch\u00e4ftlicher Daten (E-Mail-Adressen, Namen, Anschriften) besteht, so erfolgt die Preisgabe dieser Daten seitens des Nutzers ausdr\u00fccklich auf freiwilliger Basis.<\/p>\n<p><strong>\u00a0<\/strong><\/p>\n<p><strong>Datenschutzerkl\u00e4rung<\/strong><\/p>\n<p><em>Informationen<\/em><\/p>\n<p>Die Gemeinde Oyten nimmt den Schutz Ihrer pers\u00f6nlichen Daten sehr ernst und h\u00e4lt sich strikt an die Regeln der Datenschutzgesetze. Personenbezogene Daten werden auf dieser Webseite nur im technisch notwendigen Umfang erhoben. In keinem Fall werden die erhobenen Daten verkauft oder aus anderen Gr\u00fcnden an Dritte weitergegeben.<\/p>\n<p>Die nachfolgende Erkl\u00e4rung gibt Ihnen einen \u00dcberblick dar\u00fcber, wie wir diesen Schutz gew\u00e4hrleisten und welche Art von Daten zu welchem Zweck erhoben werden.<\/p>\n<p>&nbsp;<\/p>\n<p><em>Datenverarbeitung auf dieser Internetseite<\/em><\/p>\n<p>Die Gemeinde Oyten erhebt und speichert automatisch in ihren Server-Log-Files Informationen, die Ihr Browser an uns \u00fcbermittelt. Dies sind:<\/p>\n<ul>\n<li>Browsertyp\/ -version<\/li>\n<li>verwendetes Betriebssystem<\/li>\n<li>Referrer URL (die zuvor besuchte Seite)<\/li>\n<li>Hostname des zugreifenden Rechners (IP Adresse)<\/li>\n<li>Uhrzeit der Serveranfrage.<\/li>\n<\/ul>\n<p>Diese Daten sind anonym und k\u00f6nnen von uns nicht bestimmten Personen zugeordnet werden. Eine Zusammenf\u00fchrung dieser Daten mit anderen Datenquellen wird nicht vorgenommen, die Daten werden zudem nach einer statistischen Auswertung gel\u00f6scht.<\/p>\n<p>&nbsp;<\/p>\n<p><em>Auskunftsrecht<\/em><\/p>\n<p>Sie haben jederzeit das Recht auf Auskunft \u00fcber die bez\u00fcglich Ihrer Person gespeicherten Daten, deren Herkunft und Empf\u00e4nger sowie den Zweck der Speicherung. Bitte setzen Sie sich hierzu mit uns in Verbindung.<\/p>\n<p>&nbsp;<\/p>\n<p><em>Weitere Informationen<\/em><\/p>\n<p>Ihr Vertrauen ist uns wichtig. Daher m\u00f6chten wir Ihnen jederzeit Rede und Antwort bez\u00fcglich der Verarbeitung Ihrer personenbezogenen Daten stehen. Wenn Sie Fragen haben, die Ihnen diese Datenschutzerkl\u00e4rung nicht beantworten konnte oder wenn Sie zu einem Punkt vertiefte Informationen w\u00fcnschen, nehmen Sie bitte mit uns Kontakt auf.<\/p>\n<p>\u00c4nderungen und Irrt\u00fcmer vorbehalten.<\/p>\n<p>&nbsp;<\/p>\n<p><strong>Datenschutzbeauftragter:<\/strong><\/p>\n<p>Wolfgang R\u00f6ttjer, Telefon: 04207 9140 -34, E-Mail: <a> wolfgang.r\u00f6ttjer@oyten.de<\/a><\/p>\n<\/div>\n<\/div>\n<\/div>\n<\/div>\n<\/div>\n<\/div>\n<p>&nbsp;<\/p>\n","protected":false},"excerpt":{"rendered":"<p>Impressum Grundschule Oyten Schulstra\u00dfe 7 28876 Oyten Telefon: +49 4207 2770 Telefax: +49 4207 3231 E-Mail: verwaltung@gs-oyten.de Internet: www.gs-oyten.de Inhaltlich verantwortlich gem\u00e4\u00df \u00a7 55 Abs. 2 RStV: Frau Pawellek Schultr\u00e4ger: Gemeinde Oyten Hauptstra\u00dfe 55 28876&hellip; <a href=\"http:\/\/schuelerblog-oyten.de\/?page_id=5\">Mehr<\/a><\/p>\n","protected":false},"author":1,"featured_media":0,"parent":0,"menu_order":0,"comment_status":"closed","ping_status":"closed","template":"","meta":[],"_links":{"self":[{"href":"http:\/\/schuelerblog-oyten.de\/index.php?rest_route=\/wp\/v2\/pages\/5"}],"collection":[{"href":"http:\/\/schuelerblog-oyten.de\/index.php?rest_route=\/wp\/v2\/pages"}],"about":[{"href":"http:\/\/schuelerblog-oyten.de\/index.php?rest_route=\/wp\/v2\/types\/page"}],"author":[{"embeddable":true,"href":"http:\/\/schuelerblog-oyten.de\/index.php?rest_route=\/wp\/v2\/users\/1"}],"replies":[{"embeddable":true,"href":"http:\/\/schuelerblog-oyten.de\/index.php?rest_route=%2Fwp%2Fv2%2Fcomments&post=5"}],"version-history":[{"count":4,"href":"http:\/\/schuelerblog-oyten.de\/index.php?rest_route=\/wp\/v2\/pages\/5\/revisions"}],"predecessor-version":[{"id":100,"href":"http:\/\/schuelerblog-oyten.de\/index.php?rest_route=\/wp\/v2\/pages\/5\/revisions\/100"}],"wp:attachment":[{"href":"http:\/\/schuelerblog-oyten.de\/index.php?rest_route=%2Fwp%2Fv2%2Fmedia&parent=5"}],"curies":[{"name":"wp","href":"https:\/\/api.w.org\/{rel}","templated":true}]}}